{"id":3028,"date":"2016-12-12T15:06:11","date_gmt":"2016-12-12T15:06:11","guid":{"rendered":"http:\/\/www.festival.sk\/site\/2017\/?page_id=3028"},"modified":"2020-01-14T19:18:37","modified_gmt":"2020-01-14T18:18:37","slug":"festival","status":"publish","type":"page","link":"https:\/\/festival.sk\/sk\/festival\/","title":{"rendered":"O Festivale"},"content":{"rendered":"<p>Medzin\u00e1rodn\u00fd festival lok\u00e1lnych telev\u00edzi\u00ed bol zalo\u017een\u00fd v roku 1995 v\u010faka zmene v politickom a ekonomickom syst\u00e9me a v\u010faka snahe jednej zo vznikaj\u00facich slovensk\u00fdch lok\u00e1lnych telev\u00edzi\u00ed.<\/p>\n<p>Vznikol ako svojpomocn\u00e1 snaha a v tomto duchu pokra\u010duje dodnes. Festival Zlat\u00fd \u017dobr\u00e1k pomohol svojou s\u00fa\u0165a\u017enou prehliadkou, workshopmi a stretnutiami z\u00e1stupcov lok\u00e1lnych telev\u00edzi\u00ed definova\u0165 ideu lok\u00e1lnych a region\u00e1lnych m\u00e9di\u00ed, a to nie len vo v\u00fdchodnej Eur\u00f3pe, ale aj v r\u00e1mci cel\u00e9ho eur\u00f3pskeho kontinentu.<\/p>\n<p>Organiz\u00e1tori festivalu st\u00e1le pova\u017euj\u00fa t\u00fato \u010das\u0165 medi\u00e1lneho priestoru za neocenite\u013en\u00fa s\u00fa\u010das\u0165 budovania demokratick\u00fdch princ\u00edpov a ekonomick\u00e9ho rozvoja.<\/p>\n","protected":false},"excerpt":{"rendered":"<p>Medzin\u00e1rodn\u00fd festival lok\u00e1lnych telev\u00edzi\u00ed bol zalo\u017een\u00fd v roku 1995 v\u010faka zmene v politickom a ekonomickom syst\u00e9me a v\u010faka snahe jednej zo vznikaj\u00facich slovensk\u00fdch lok\u00e1lnych telev\u00edzi\u00ed. Vznikol ako svojpomocn\u00e1 snaha a v tomto duchu pokra\u010duje dodnes. Festival Zlat\u00fd \u017dobr\u00e1k pomohol svojou s\u00fa\u0165a\u017enou prehliadkou, workshopmi a stretnutiami z\u00e1stupcov lok\u00e1lnych telev\u00edzi\u00ed definova\u0165 ideu lok\u00e1lnych a region\u00e1lnych m\u00e9di\u00ed, a&hellip;<\/p>\n<p class=\"more-link\"><a href=\"https:\/\/festival.sk\/sk\/festival\/\" class=\"themebutton\">Read More<\/a><\/p>\n","protected":false},"author":1,"featured_media":365,"parent":0,"menu_order":0,"comment_status":"closed","ping_status":"closed","template":"","meta":{"footnotes":""},"class_list":["post-3028","page","type-page","status-publish","has-post-thumbnail","hentry"],"_links":{"self":[{"href":"https:\/\/festival.sk\/sk\/wp-json\/wp\/v2\/pages\/3028","targetHints":{"allow":["GET"]}}],"collection":[{"href":"https:\/\/festival.sk\/sk\/wp-json\/wp\/v2\/pages"}],"about":[{"href":"https:\/\/festival.sk\/sk\/wp-json\/wp\/v2\/types\/page"}],"author":[{"embeddable":true,"href":"https:\/\/festival.sk\/sk\/wp-json\/wp\/v2\/users\/1"}],"replies":[{"embeddable":true,"href":"https:\/\/festival.sk\/sk\/wp-json\/wp\/v2\/comments?post=3028"}],"version-history":[{"count":3,"href":"https:\/\/festival.sk\/sk\/wp-json\/wp\/v2\/pages\/3028\/revisions"}],"predecessor-version":[{"id":7594,"href":"https:\/\/festival.sk\/sk\/wp-json\/wp\/v2\/pages\/3028\/revisions\/7594"}],"wp:featuredmedia":[{"embeddable":true,"href":"https:\/\/festival.sk\/sk\/wp-json\/wp\/v2\/media\/365"}],"wp:attachment":[{"href":"https:\/\/festival.sk\/sk\/wp-json\/wp\/v2\/media?parent=3028"}],"curies":[{"name":"wp","href":"https:\/\/api.w.org\/{rel}","templated":true}]}}