{"id":3039,"date":"2016-12-12T15:30:35","date_gmt":"2016-12-12T15:30:35","guid":{"rendered":"http:\/\/www.festival.sk\/site\/2017\/?page_id=3039"},"modified":"2020-01-14T19:26:57","modified_gmt":"2020-01-14T18:26:57","slug":"the-golden-beggar-competition","status":"publish","type":"page","link":"https:\/\/festival.sk\/sk\/festival\/the-golden-beggar-competition\/","title":{"rendered":"S\u00da\u0164A\u017dN\u00c1 PREHLIADKA ZLAT\u00dd \u017dOBR\u00c1K"},"content":{"rendered":"<p>Hlavn\u00e1 cena medzin\u00e1rodn\u00e9ho festivalu \u201eZlat\u00fd \u017eobr\u00e1k\u201c sa\u00a0medzi tvorcami v\u00a0lok\u00e1lnych telev\u00edzi\u00e1ch v\u00a0Eur\u00f3pe stala prest\u00ed\u017enym ocenen\u00edm a\u00a0d\u00f4kazom \u00faspe\u0161nej a\u00a0tvorivej pr\u00e1ce. Nemenej v\u00fdznamn\u00fdm ocenen\u00edm sa\u00a0v\u00a0posledn\u00fdch rokoch stali aj\u00a0\u201eZlat\u00fd \u017eobr\u00e1k\u201c pre mlad\u00e9ho autora a\u00a0\u201eZlat\u00fd \u017eobr\u00e1k\u201c pre produk\u010dn\u00fa spolo\u010dnos\u0165, ktor\u00e9 s\u00fa takisto potvrden\u00edm vysok\u00fdch profesion\u00e1lnych kval\u00edt mlad\u00fdch tvorcov a\u00a0nez\u00e1visl\u00fdch producentov.<\/p>\n<h3>S\u00da\u0164A\u017dN\u00c1 PREHLIADKA FESTIVALU SA\u00a0KON\u00c1 V\u00a0TROCH SEKCI\u00c1CH<\/h3>\n<h4>\u00b7\u00a0\u00a0\u00a0\u00a0\u00a0\u00a0\u00a0\u00a0 sekcia produk\u010dn\u00e9 spolo\u010dnosti<\/h4>\n<h4>\u00b7\u00a0\u00a0\u00a0\u00a0\u00a0\u00a0\u00a0\u00a0 sekcia mlad\u00fd autor<\/h4>\n<h4>\u00b7\u00a0\u00a0\u00a0\u00a0\u00a0\u00a0\u00a0\u00a0 sekcia lok\u00e1lne telev\u00edzie<\/h4>\n<p>S\u00fa\u0165a\u017en\u00e9 programy s\u00fa zaraden\u00e9 do\u00a0hlavn\u00fdch kateg\u00f3ri\u00ed, ktor\u00fdmi s\u00fa spravodajstvo, publicistika, dokument, kr\u00e1tky hran\u00fd film, anim\u00e1cia.<\/p>\n<p>S\u00fa\u0165a\u017en\u00e9 filmy bud\u00fa premietan\u00e9 denne v kine \u00dasmev.<\/p>\n<p>Svoj\u00edm obsahom b\u00fdvaj\u00fa festivalov\u00e9 filmy unik\u00e1tne, preto\u017ee prin\u00e1\u0161aj\u00fa inform\u00e1ciu o\u00a0nepoznan\u00fdch regi\u00f3noch, o\u00a0zvl\u00e1\u0161tnych osudoch \u013eud\u00ed a\u00a0o\u00a0udalostiach, ktor\u00e9 odr\u00e1\u017eaj\u00fa aktu\u00e1lne spolo\u010densk\u00e9 procesy v\u00a0Eur\u00f3pe.<\/p>\n","protected":false},"excerpt":{"rendered":"<p>Hlavn\u00e1 cena medzin\u00e1rodn\u00e9ho festivalu \u201eZlat\u00fd \u017eobr\u00e1k\u201c sa\u00a0medzi tvorcami v\u00a0lok\u00e1lnych telev\u00edzi\u00e1ch v\u00a0Eur\u00f3pe stala prest\u00ed\u017enym ocenen\u00edm a\u00a0d\u00f4kazom \u00faspe\u0161nej a\u00a0tvorivej pr\u00e1ce. Nemenej v\u00fdznamn\u00fdm ocenen\u00edm sa\u00a0v\u00a0posledn\u00fdch rokoch stali aj\u00a0\u201eZlat\u00fd \u017eobr\u00e1k\u201c pre mlad\u00e9ho autora a\u00a0\u201eZlat\u00fd \u017eobr\u00e1k\u201c pre produk\u010dn\u00fa spolo\u010dnos\u0165, ktor\u00e9 s\u00fa takisto potvrden\u00edm vysok\u00fdch profesion\u00e1lnych kval\u00edt mlad\u00fdch tvorcov a\u00a0nez\u00e1visl\u00fdch producentov. S\u00da\u0164A\u017dN\u00c1 PREHLIADKA FESTIVALU SA\u00a0KON\u00c1 V\u00a0TROCH SEKCI\u00c1CH \u00b7\u00a0\u00a0\u00a0\u00a0\u00a0\u00a0\u00a0\u00a0 sekcia produk\u010dn\u00e9 spolo\u010dnosti&hellip;<\/p>\n<p class=\"more-link\"><a href=\"https:\/\/festival.sk\/sk\/festival\/the-golden-beggar-competition\/\" class=\"themebutton\">Read More<\/a><\/p>\n","protected":false},"author":1,"featured_media":0,"parent":3028,"menu_order":0,"comment_status":"closed","ping_status":"closed","template":"","meta":{"footnotes":""},"class_list":["post-3039","page","type-page","status-publish","hentry"],"_links":{"self":[{"href":"https:\/\/festival.sk\/sk\/wp-json\/wp\/v2\/pages\/3039","targetHints":{"allow":["GET"]}}],"collection":[{"href":"https:\/\/festival.sk\/sk\/wp-json\/wp\/v2\/pages"}],"about":[{"href":"https:\/\/festival.sk\/sk\/wp-json\/wp\/v2\/types\/page"}],"author":[{"embeddable":true,"href":"https:\/\/festival.sk\/sk\/wp-json\/wp\/v2\/users\/1"}],"replies":[{"embeddable":true,"href":"https:\/\/festival.sk\/sk\/wp-json\/wp\/v2\/comments?post=3039"}],"version-history":[{"count":4,"href":"https:\/\/festival.sk\/sk\/wp-json\/wp\/v2\/pages\/3039\/revisions"}],"predecessor-version":[{"id":7626,"href":"https:\/\/festival.sk\/sk\/wp-json\/wp\/v2\/pages\/3039\/revisions\/7626"}],"up":[{"embeddable":true,"href":"https:\/\/festival.sk\/sk\/wp-json\/wp\/v2\/pages\/3028"}],"wp:attachment":[{"href":"https:\/\/festival.sk\/sk\/wp-json\/wp\/v2\/media?parent=3039"}],"curies":[{"name":"wp","href":"https:\/\/api.w.org\/{rel}","templated":true}]}}