{"id":3058,"date":"2016-12-12T15:40:55","date_gmt":"2016-12-12T15:40:55","guid":{"rendered":"http:\/\/www.festival.sk\/site\/2017\/?page_id=3058"},"modified":"2024-10-04T09:47:33","modified_gmt":"2024-10-04T07:47:33","slug":"awards","status":"publish","type":"page","link":"https:\/\/festival.sk\/sk\/festival\/awards\/","title":{"rendered":"OCENENIA"},"content":{"rendered":"<div class=\"wpb_wrapper\">\n<p>Hlavn\u00e1 cena medzin\u00e1rodn\u00e9ho festivalu \u201eZlat\u00fd \u017eobr\u00e1k\u201c sa\u00a0medzi tvorcami v\u00a0lok\u00e1lnych telev\u00edzi\u00e1ch v\u00a0Eur\u00f3pe stala prest\u00ed\u017enym ocenen\u00edm a\u00a0d\u00f4kazom \u00faspe\u0161nej a\u00a0tvorivej pr\u00e1ce. Nemenej v\u00fdznamn\u00fdm ocenen\u00edm sa\u00a0v\u00a0posledn\u00fdch rokoch stali aj\u00a0\u201eZlat\u00fd \u017eobr\u00e1k\u201c pre mlad\u00e9ho autora a\u00a0\u201eZlat\u00fd \u017eobr\u00e1k\u201c pre produk\u010dn\u00fa spolo\u010dnos\u0165, ktor\u00e9 s\u00fa takisto potvrden\u00edm vysok\u00fdch profesion\u00e1lnych kval\u00edt mlad\u00fdch tvorcov a\u00a0nez\u00e1visl\u00fdch producentov.<strong>Tradi\u010dn\u00e1 s\u00fa\u0165a\u017en\u00e1 prehliadka sa\u00a0bude kona\u0165 v\u00a0troch sekci\u00e1ch, v\u00a0ktor\u00fdch sa\u00a0bud\u00fa jednotliv\u00e9 diela uch\u00e1dza\u0165 o\u00a0hlavn\u00fa cenu \u201eZlat\u00fd \u017eobr\u00e1k\u201c<\/strong><\/p>\n<ul>\n<li>sekcia produk\u010dn\u00e9 spolo\u010dnosti<\/li>\n<li>sekcia mlad\u00fd autor<\/li>\n<li>sekcia lok\u00e1lne telev\u00edzie<\/li>\n<\/ul>\n<p>Programy s\u00fa zaraden\u00e9 do\u00a0siedmych kateg\u00f3ri\u00ed \u2013 spravodajstvo a\u00a0publicistika, dokument, kr\u00e1tky hran\u00fd film, anim\u00e1cia.<\/p>\n<\/div>\n<h2>KTO JE\u00a0ZLAT\u00dd \u017dOBR\u00c1K?<\/h2>\n<p>Medzi vymyslen\u00fdmi pr\u00edbehmi, ktor\u00e9 koluj\u00fa po\u00a0Ko\u0161iciach je\u00a0aj\u00a0pr\u00edbeh o\u00a0\u017eobr\u00e1kovi, ktor\u00fd mnoho rokov \u017eobral. Svoje vy\u017eobran\u00e9 peniaze pou\u017eil m\u00fadro a\u00a0postavil si\u00a0dom na\u00a0Hlavnej ulici. Dom skuto\u010dne existuje a\u00a0na\u00a0vrchole jeho strechy je\u00a0socha \u017eobr\u00e1ka. K\u00f3pia tejto sochy, ktor\u00fa vyrobil akademick\u00fd soch\u00e1r Arp\u00e1d Ra\u010dko, sa\u00a0odovzd\u00e1va lok\u00e1lnej telev\u00edzii ako symbol hlavnej ceny na\u00a0medzin\u00e1rodnom festivale lok\u00e1lnych telev\u00edzi\u00ed. Autormi so\u0161iek v\u00a0sekcii produk\u010dn\u00e1 spolo\u010dnos\u0165 a\u00a0mlad\u00fd autor s\u00fa v\u00fdtvarn\u00edci Vlasta \u017d\u00e1kov\u00e1 a\u00a0Martin Kudla.<\/p>\n<p>V s\u00fa\u0165a\u017ei s\u00fa aj\u00a0\u010fal\u0161ie ceny:<\/p>\n<p>K t\u00fdmto cen\u00e1m pribudne aj\u00a0nieko\u013eko \u010destn\u00fdch uznan\u00ed niektor\u00fdm produkci\u00e1m a\u00a0autorom.<\/p>\n","protected":false},"excerpt":{"rendered":"<p>Hlavn\u00e1 cena medzin\u00e1rodn\u00e9ho festivalu \u201eZlat\u00fd \u017eobr\u00e1k\u201c sa\u00a0medzi tvorcami v\u00a0lok\u00e1lnych telev\u00edzi\u00e1ch v\u00a0Eur\u00f3pe stala prest\u00ed\u017enym ocenen\u00edm a\u00a0d\u00f4kazom \u00faspe\u0161nej a\u00a0tvorivej pr\u00e1ce. Nemenej v\u00fdznamn\u00fdm ocenen\u00edm sa\u00a0v\u00a0posledn\u00fdch rokoch stali aj\u00a0\u201eZlat\u00fd \u017eobr\u00e1k\u201c pre mlad\u00e9ho autora a\u00a0\u201eZlat\u00fd \u017eobr\u00e1k\u201c pre produk\u010dn\u00fa spolo\u010dnos\u0165, ktor\u00e9 s\u00fa takisto potvrden\u00edm vysok\u00fdch profesion\u00e1lnych kval\u00edt mlad\u00fdch tvorcov a\u00a0nez\u00e1visl\u00fdch producentov.Tradi\u010dn\u00e1 s\u00fa\u0165a\u017en\u00e1 prehliadka sa\u00a0bude kona\u0165 v\u00a0troch sekci\u00e1ch, v\u00a0ktor\u00fdch sa\u00a0bud\u00fa jednotliv\u00e9 diela&hellip;<\/p>\n<p class=\"more-link\"><a href=\"https:\/\/festival.sk\/sk\/festival\/awards\/\" class=\"themebutton\">Read More<\/a><\/p>\n","protected":false},"author":1,"featured_media":0,"parent":3028,"menu_order":0,"comment_status":"closed","ping_status":"closed","template":"","meta":{"footnotes":""},"class_list":["post-3058","page","type-page","status-publish","hentry"],"_links":{"self":[{"href":"https:\/\/festival.sk\/sk\/wp-json\/wp\/v2\/pages\/3058","targetHints":{"allow":["GET"]}}],"collection":[{"href":"https:\/\/festival.sk\/sk\/wp-json\/wp\/v2\/pages"}],"about":[{"href":"https:\/\/festival.sk\/sk\/wp-json\/wp\/v2\/types\/page"}],"author":[{"embeddable":true,"href":"https:\/\/festival.sk\/sk\/wp-json\/wp\/v2\/users\/1"}],"replies":[{"embeddable":true,"href":"https:\/\/festival.sk\/sk\/wp-json\/wp\/v2\/comments?post=3058"}],"version-history":[{"count":11,"href":"https:\/\/festival.sk\/sk\/wp-json\/wp\/v2\/pages\/3058\/revisions"}],"predecessor-version":[{"id":8864,"href":"https:\/\/festival.sk\/sk\/wp-json\/wp\/v2\/pages\/3058\/revisions\/8864"}],"up":[{"embeddable":true,"href":"https:\/\/festival.sk\/sk\/wp-json\/wp\/v2\/pages\/3028"}],"wp:attachment":[{"href":"https:\/\/festival.sk\/sk\/wp-json\/wp\/v2\/media?parent=3058"}],"curies":[{"name":"wp","href":"https:\/\/api.w.org\/{rel}","templated":true}]}}