{"id":3186,"date":"2017-01-05T16:39:21","date_gmt":"2017-01-05T16:39:21","guid":{"rendered":"http:\/\/www.festival.sk\/site\/2017\/?page_id=3186"},"modified":"2020-04-07T12:35:38","modified_gmt":"2020-04-07T10:35:38","slug":"international-co-ordinators","status":"publish","type":"page","link":"https:\/\/festival.sk\/sk\/about-us\/international-co-ordinators\/","title":{"rendered":"MEDZIN\u00c1RODN\u00cd KOORDIN\u00c1TORI"},"content":{"rendered":"<div class=\"vc_row wpb_row td-pb-row\">\n<div class=\"wpb_column vc_column_container td-pb-span3\">\n<div class=\"vc_column-inner \">\n<div class=\"wpb_wrapper\">\n<div class=\"wpb_text_column wpb_content_element \">\n<div class=\"wpb_wrapper\">\n<h4>STELA JOVANOVIC<\/h4>\n<p>City of\u00a0Nis<br \/>\nphone +381 18\u00a0526 236, +381 64\u00a0122 8398<br \/>\ne-mail: stela(a)eunet.yu<\/p>\n<\/div>\n<\/div>\n<\/div>\n<\/div>\n<\/div>\n<div class=\"wpb_column vc_column_container td-pb-span3\">\n<div class=\"vc_column-inner \">\n<div class=\"wpb_wrapper\">\n<div class=\"wpb_text_column wpb_content_element \">\n<div class=\"wpb_wrapper\">\n<h4>S\u00c1NDOR HARN\u00d3CZ<\/h4>\n<p>TV Ir\u00e1ny, Miskolc<br \/>\nHungary<br \/>\nphone: \u00a0+36 06-20\/9 173-102, +36 06-30\/307- 66-41<br \/>\ne-mail: info(a)iranytv.hu<\/p>\n<\/div>\n<\/div>\n<\/div>\n<\/div>\n<\/div>\n<div class=\"wpb_column vc_column_container td-pb-span3\">\n<div class=\"vc_column-inner \">\n<div class=\"wpb_wrapper\">\n<div class=\"wpb_text_column wpb_content_element \">\n<div class=\"wpb_wrapper\">\n<h4>DAGMARA DRZAZGA<\/h4>\n<p>TVP Katowice<br \/>\nPoland<br \/>\nphone: +48 2595 200; +48 2595 280<br \/>\ne-mail: Dagmara.Drzazga(at)tvp.pl<\/p>\n<\/div>\n<\/div>\n<\/div>\n<\/div>\n<\/div>\n<\/div>\n<div class=\"vc_row wpb_row td-pb-row\">\n<div class=\"wpb_column vc_column_container td-pb-span3\">\n<div class=\"vc_column-inner \">\n<div class=\"wpb_wrapper\">\n<div class=\"wpb_text_column wpb_content_element \">\n<div class=\"wpb_wrapper\">\n<h4>RUUD DE\u00a0BRUIN<\/h4>\n<p>Arttext, Amsterdam<br \/>\nThe Netherlands<br \/>\nphone +31 20\u00a04190699<br \/>\ne-mail: rudolf(a)arttext.com<\/p>\n<\/div>\n<\/div>\n<\/div>\n<\/div>\n<\/div>\n<div class=\"wpb_column vc_column_container td-pb-span3\">\n<div class=\"vc_column-inner \">\n<div class=\"wpb_wrapper\">\n<div class=\"wpb_text_column wpb_content_element \">\n<div class=\"wpb_wrapper\"><\/div>\n<\/div>\n<\/div>\n<\/div>\n<\/div>\n<div class=\"wpb_column vc_column_container td-pb-span3\">\n<div class=\"vc_column-inner \">\n<div class=\"wpb_wrapper\">\n<div class=\"wpb_text_column wpb_content_element \">\n<div class=\"wpb_wrapper\">\n<\/div>\n<\/div>\n<\/div>\n<\/div>\n<\/div>\n<\/div>\n","protected":false},"excerpt":{"rendered":"<p>STELA JOVANOVIC City of\u00a0Nis phone +381 18\u00a0526 236, +381 64\u00a0122 8398 e-mail: stela(a)eunet.yu S\u00c1NDOR HARN\u00d3CZ TV Ir\u00e1ny, Miskolc Hungary phone: \u00a0+36 06-20\/9 173-102, +36 06-30\/307- 66-41 e-mail: info(a)iranytv.hu DAGMARA DRZAZGA TVP Katowice Poland phone: +48 2595 200; +48 2595 280 e-mail: Dagmara.Drzazga(at)tvp.pl RUUD DE\u00a0BRUIN Arttext, Amsterdam The Netherlands phone +31 20\u00a04190699 e-mail: rudolf(a)arttext.com<\/p>\n","protected":false},"author":1,"featured_media":0,"parent":3063,"menu_order":0,"comment_status":"closed","ping_status":"closed","template":"","meta":{"footnotes":""},"class_list":["post-3186","page","type-page","status-publish","hentry"],"_links":{"self":[{"href":"https:\/\/festival.sk\/sk\/wp-json\/wp\/v2\/pages\/3186","targetHints":{"allow":["GET"]}}],"collection":[{"href":"https:\/\/festival.sk\/sk\/wp-json\/wp\/v2\/pages"}],"about":[{"href":"https:\/\/festival.sk\/sk\/wp-json\/wp\/v2\/types\/page"}],"author":[{"embeddable":true,"href":"https:\/\/festival.sk\/sk\/wp-json\/wp\/v2\/users\/1"}],"replies":[{"embeddable":true,"href":"https:\/\/festival.sk\/sk\/wp-json\/wp\/v2\/comments?post=3186"}],"version-history":[{"count":6,"href":"https:\/\/festival.sk\/sk\/wp-json\/wp\/v2\/pages\/3186\/revisions"}],"predecessor-version":[{"id":8142,"href":"https:\/\/festival.sk\/sk\/wp-json\/wp\/v2\/pages\/3186\/revisions\/8142"}],"up":[{"embeddable":true,"href":"https:\/\/festival.sk\/sk\/wp-json\/wp\/v2\/pages\/3063"}],"wp:attachment":[{"href":"https:\/\/festival.sk\/sk\/wp-json\/wp\/v2\/media?parent=3186"}],"curies":[{"name":"wp","href":"https:\/\/api.w.org\/{rel}","templated":true}]}}