{"id":3191,"date":"2017-01-05T16:47:24","date_gmt":"2017-01-05T16:47:24","guid":{"rendered":"http:\/\/www.festival.sk\/site\/2017\/?page_id=3191"},"modified":"2020-04-06T16:18:53","modified_gmt":"2020-04-06T14:18:53","slug":"contacts","status":"publish","type":"page","link":"https:\/\/festival.sk\/sk\/about-us\/contacts\/","title":{"rendered":"KONTAKT"},"content":{"rendered":"<h2>NAD\u00c1CIA CITY TV<\/h2>\n<p>Medzin\u00e1rodn\u00fd filmov\u00fd festival Ko\u0161ice<br \/>\nJesensk\u00e9ho 12, 040 01\u00a0Ko\u0161ice, Slovensko<br \/>\nPhone : +421 905 966 649<br \/>\nFax : +421 55\u00a0622 17\u00a093<\/p>\n<p>e-mail :\u00a0<a href=\"mailto:festival@festival.sk\">festival@festival.sk<\/a>,\u00a0<a href=\"mailto:info@festival.sk\">info@festival.sk<\/a><\/p>\n<p><a href=\"http:\/\/www.festival.sk\/\">www.festival.sk<\/a><\/p>\n","protected":false},"excerpt":{"rendered":"<p>NAD\u00c1CIA CITY TV Medzin\u00e1rodn\u00fd filmov\u00fd festival Ko\u0161ice Jesensk\u00e9ho 12, 040 01\u00a0Ko\u0161ice, Slovensko Phone : +421 905 966 649 Fax : +421 55\u00a0622 17\u00a093 e-mail :\u00a0festival@festival.sk,\u00a0info@festival.sk www.festival.sk<\/p>\n","protected":false},"author":1,"featured_media":0,"parent":3063,"menu_order":0,"comment_status":"closed","ping_status":"closed","template":"","meta":{"footnotes":""},"class_list":["post-3191","page","type-page","status-publish","hentry"],"_links":{"self":[{"href":"https:\/\/festival.sk\/sk\/wp-json\/wp\/v2\/pages\/3191","targetHints":{"allow":["GET"]}}],"collection":[{"href":"https:\/\/festival.sk\/sk\/wp-json\/wp\/v2\/pages"}],"about":[{"href":"https:\/\/festival.sk\/sk\/wp-json\/wp\/v2\/types\/page"}],"author":[{"embeddable":true,"href":"https:\/\/festival.sk\/sk\/wp-json\/wp\/v2\/users\/1"}],"replies":[{"embeddable":true,"href":"https:\/\/festival.sk\/sk\/wp-json\/wp\/v2\/comments?post=3191"}],"version-history":[{"count":9,"href":"https:\/\/festival.sk\/sk\/wp-json\/wp\/v2\/pages\/3191\/revisions"}],"predecessor-version":[{"id":8031,"href":"https:\/\/festival.sk\/sk\/wp-json\/wp\/v2\/pages\/3191\/revisions\/8031"}],"up":[{"embeddable":true,"href":"https:\/\/festival.sk\/sk\/wp-json\/wp\/v2\/pages\/3063"}],"wp:attachment":[{"href":"https:\/\/festival.sk\/sk\/wp-json\/wp\/v2\/media?parent=3191"}],"curies":[{"name":"wp","href":"https:\/\/api.w.org\/{rel}","templated":true}]}}