{"id":3202,"date":"2017-01-05T16:55:18","date_gmt":"2017-01-05T16:55:18","guid":{"rendered":"http:\/\/www.festival.sk\/site\/2017\/?page_id=3202"},"modified":"2020-01-14T19:40:45","modified_gmt":"2020-01-14T18:40:45","slug":"transportation","status":"publish","type":"page","link":"https:\/\/festival.sk\/sk\/transportation\/","title":{"rendered":"PREPRAVA"},"content":{"rendered":"<p>{:en}<\/p>\n<h2>HOW TO&nbsp;REACH KO\u0160ICE<\/h2>\n<p><strong>By plane<\/strong>: There are several daily flights to&nbsp;Ko\u0161ice International Airport from Prague, Vienna and Bratislava<br \/>\n<strong>By train<\/strong>: Ko\u0161ice is&nbsp;connected via international trains from Prague, Brno, Budapest, Krakow,and Moscow and from all important cities in&nbsp;Slovakia.<br \/>\n<strong>By car<\/strong>:<\/p>\n<ul>\n<li>from the north (Pre\u0161ov-Poprad-Poland),<\/li>\n<li>from the west (Ro\u017e\u0148ava-Lu\u010denec-Bratislava-Austria)<\/li>\n<li>from the south (Se\u0148a-Hungary)<\/li>\n<li>from the east (Michalovce-Ukraine)<\/li>\n<\/ul>\n<p>&nbsp;<\/p>\n<h2>HOW TO&nbsp;REACH FESTIVAL VENUE<\/h2>\n<p><strong>From the Airport<\/strong>:<\/p>\n<ul>\n<li><em>By bus<\/em>: Connecting every flight to&nbsp;Ko\u0161ice International Airport &#8211;&nbsp;should not cost more than 1&nbsp;\u20ac. The journey between airport and Festival Venue or&nbsp;city centre takes approximately 10-15 minutes.<\/li>\n<li><em>By taxi<\/em>: To&nbsp;the centre of&nbsp;the town or&nbsp;to&nbsp;all major hotels in&nbsp;Ko\u0161ice &#8211;&nbsp;should cost no&nbsp;more than 10&nbsp;\u20ac.<\/li>\n<\/ul>\n<p><strong>From the Ko\u0161ice Main Railway Station (Hlavn\u00e1 stanica)<\/strong>: Ko\u0161ice Main railway Station (Hlavn\u00e1 stanica) as&nbsp;well as&nbsp;Bus Station (Autobusov\u00e1 stanica) are located just few minutes by&nbsp;walk from the centre of&nbsp;the city. You can choose also between several buses and trams departing from the Main Railway Station, or&nbsp;you can take a&nbsp;taxi.<\/p>\n<p><iframe loading=\"lazy\" src=\"https:\/\/maps.google.sk\/maps?f=q&#038;source=s_q&#038;hl=sk&#038;geocode=&#038;q=ko%C5%A1ice&#038;aq=&#038;sll=48.695946,21.289444&#038;sspn=0.242021,0.676346&#038;t=h&#038;ie=UTF8&#038;hq=&#038;hnear=Ko%C5%A1ice&#038;z=10&#038;ll=48.721005,21.2578&#038;output=embed\" width=\"425\" height=\"350\" frameborder=\"0\" marginwidth=\"0\" marginheight=\"0\" scrolling=\"no\" data-mce-fragment=\"1\"><\/iframe><br \/>\n<small><a href=\"https:\/\/maps.google.sk\/maps?f=q&#038;source=embed&#038;hl=sk&#038;geocode=&#038;q=ko%C5%A1ice&#038;aq=&#038;sll=48.695946,21.289444&#038;sspn=0.242021,0.676346&#038;t=h&#038;ie=UTF8&#038;hq=&#038;hnear=Ko%C5%A1ice&#038;z=10&#038;ll=48.721005,21.2578\">Zv\u00e4\u010d\u0161i\u0165 mapu<\/a><\/small>{:}{:sk}<\/p>\n<h2>HOW TO&nbsp;REACH KO\u0160ICE<\/h2>\n<p><strong>By plane<\/strong>: There are several daily flights to&nbsp;Ko\u0161ice International Airport from Prague, Vienna and Bratislava<br \/>\n<strong>By train<\/strong>: Ko\u0161ice is&nbsp;connected via international trains from Prague, Brno, Budapest, Krakow,and Moscow and from all important cities in&nbsp;Slovakia.<br \/>\n<strong>By car<\/strong>:<\/p>\n<ul>\n<li>from the north (Pre\u0161ov-Poprad-Poland),<\/li>\n<li>from the west (Ro\u017e\u0148ava-Lu\u010denec-Bratislava-Austria)<\/li>\n<li>from the south (Se\u0148a-Hungary)<\/li>\n<li>from the east (Michalovce-Ukraine)<\/li>\n<\/ul>\n<p>&nbsp;<\/p>\n<h2>HOW TO&nbsp;REACH FESTIVAL VENUE<\/h2>\n<p><strong>From the Airport<\/strong>:<\/p>\n<ul>\n<li><em>By bus<\/em>: Connecting every flight to&nbsp;Ko\u0161ice International Airport &#8211;&nbsp;should not cost more than 1&nbsp;\u20ac. The journey between airport and Festival Venue or&nbsp;city centre takes approximately 10-15 minutes.<\/li>\n<li><em>By taxi<\/em>: To&nbsp;the centre of&nbsp;the town or&nbsp;to&nbsp;all major hotels in&nbsp;Ko\u0161ice &#8211;&nbsp;should cost no&nbsp;more than 10&nbsp;\u20ac.<\/li>\n<\/ul>\n<p>&nbsp;<\/p>\n<p><strong>From the Ko\u0161ice Main Railway Station (Hlavn\u00e1 stanica)<\/strong>: Ko\u0161ice Main railway Station (Hlavn\u00e1 stanica) as&nbsp;well as&nbsp;Bus Station (Autobusov\u00e1 stanica) are located just few minutes by&nbsp;walk from the centre of&nbsp;the city. You can choose also between several buses and trams departing from the Main Railway Station, or&nbsp;you can take a&nbsp;taxi.<\/p>\n<p><iframe loading=\"lazy\" src=\"https:\/\/maps.google.sk\/maps?f=q&#038;source=s_q&#038;hl=sk&#038;geocode=&#038;q=ko%C5%A1ice&#038;aq=&#038;sll=48.695946,21.289444&#038;sspn=0.242021,0.676346&#038;t=h&#038;ie=UTF8&#038;hq=&#038;hnear=Ko%C5%A1ice&#038;z=10&#038;ll=48.721005,21.2578&#038;output=embed\" width=\"425\" height=\"350\" frameborder=\"0\" marginwidth=\"0\" marginheight=\"0\" scrolling=\"no\" data-mce-fragment=\"1\"><\/iframe><br \/>\n<small><a href=\"https:\/\/maps.google.sk\/maps?f=q&#038;source=embed&#038;hl=sk&#038;geocode=&#038;q=ko%C5%A1ice&#038;aq=&#038;sll=48.695946,21.289444&#038;sspn=0.242021,0.676346&#038;t=h&#038;ie=UTF8&#038;hq=&#038;hnear=Ko%C5%A1ice&#038;z=10&#038;ll=48.721005,21.2578\">Zv\u00e4\u010d\u0161i\u0165 mapu<\/a><\/small>{:}<\/p>\n","protected":false},"excerpt":{"rendered":"<p>{:en} HOW TO&nbsp;REACH KO\u0160ICE By plane: There are several daily flights to&nbsp;Ko\u0161ice International Airport from Prague, Vienna and Bratislava By train: Ko\u0161ice is&nbsp;connected via international trains from Prague, Brno, Budapest, Krakow,and Moscow and from all important cities in&nbsp;Slovakia. By car: from the north (Pre\u0161ov-Poprad-Poland), from the west (Ro\u017e\u0148ava-Lu\u010denec-Bratislava-Austria) from the south (Se\u0148a-Hungary) from the east&hellip;<\/p>\n<p class=\"more-link\"><a href=\"https:\/\/festival.sk\/sk\/transportation\/\" class=\"themebutton\">Read More<\/a><\/p>\n","protected":false},"author":1,"featured_media":0,"parent":0,"menu_order":0,"comment_status":"closed","ping_status":"closed","template":"","meta":{"footnotes":""},"class_list":["post-3202","page","type-page","status-publish","hentry"],"_links":{"self":[{"href":"https:\/\/festival.sk\/sk\/wp-json\/wp\/v2\/pages\/3202","targetHints":{"allow":["GET"]}}],"collection":[{"href":"https:\/\/festival.sk\/sk\/wp-json\/wp\/v2\/pages"}],"about":[{"href":"https:\/\/festival.sk\/sk\/wp-json\/wp\/v2\/types\/page"}],"author":[{"embeddable":true,"href":"https:\/\/festival.sk\/sk\/wp-json\/wp\/v2\/users\/1"}],"replies":[{"embeddable":true,"href":"https:\/\/festival.sk\/sk\/wp-json\/wp\/v2\/comments?post=3202"}],"version-history":[{"count":2,"href":"https:\/\/festival.sk\/sk\/wp-json\/wp\/v2\/pages\/3202\/revisions"}],"predecessor-version":[{"id":7657,"href":"https:\/\/festival.sk\/sk\/wp-json\/wp\/v2\/pages\/3202\/revisions\/7657"}],"wp:attachment":[{"href":"https:\/\/festival.sk\/sk\/wp-json\/wp\/v2\/media?parent=3202"}],"curies":[{"name":"wp","href":"https:\/\/api.w.org\/{rel}","templated":true}]}}