{"id":3207,"date":"2017-01-05T17:15:39","date_gmt":"2017-01-05T17:15:39","guid":{"rendered":"http:\/\/www.festival.sk\/site\/2017\/?page_id=3207"},"modified":"2024-10-30T21:31:34","modified_gmt":"2024-10-30T20:31:34","slug":"registered-films-a","status":"publish","type":"page","link":"https:\/\/festival.sk\/sk\/registered-films-a\/","title":{"rendered":"AWARDED FILMS"},"content":{"rendered":"<h1><u>Protocol of Awarded Films <\/u><\/h1>\n<h3>2024<\/h3>\n<h3>1. GRAND PRIX\u00a0 for the Best Film<\/h3>\n<h3>THE BALLAD<\/h3>\n<h3>directed by Christofer Nilsson, France<\/h3>\n<h3><\/h3>\n<h3>2. The Best Young Author\u2018s film<\/h3>\n<h3>PURGATORY<\/h3>\n<h3>directed by Luk\u00e1\u0161 V\u00edzner, Slovakia<\/h3>\n<h3><\/h3>\n<h3>3. The Best Documentary under 55 min.<\/h3>\n<h3><strong>The Eternal Emperor \u2013 The True Story of Franz Joseph I<\/strong><\/h3>\n<h3>directed by Martin Koddenberg, Germany<\/h3>\n<h3><\/h3>\n<h3>4. The Best\u00a0 Documentary short under 25 min.<\/h3>\n<h3>TWO CUPS OF TEA<\/h3>\n<h3>directed by \u00a0Cecilia Palmeri, Italy<\/h3>\n<h3><\/h3>\n<h3>5. SPECIAL PRIZE OF THE JURY<\/h3>\n<h3>Category Life with War<\/h3>\n<h3><\/h3>\n<h3>SOIL<\/h3>\n<h3>directed by Sina Tebyan Amir Hosseini , Iran<\/h3>\n<h3><\/h3>\n<h3>6. SPECIAL PRIZE OF THE JURY<\/h3>\n<h3><\/h3>\n<h3>For The Best Screenplay<\/h3>\n<h3>V\u2019s Secret<\/h3>\n<h3>directed by Bassma Nancy Farah<\/h3>\n<h3><\/h3>\n<h3>6. The Best Music Video<\/h3>\n<h3>Nightwish-Perfume Of The Timeless<\/h3>\n<h3>directed by Ville Lipiainen, Finland<\/h3>\n<h3><\/h3>\n<h3>7 The Best Animation<\/h3>\n<h3>TRAINSPIRED<\/h3>\n<h3>directed by Stephen Shelton, United Kingdom<\/h3>\n<h3><\/h3>\n<h3><\/h3>\n<h3>8. The Best Director Short Film<\/h3>\n<h3>TWO CUPS OF TEA<\/h3>\n<h3>Directed by \u00a0Cecilia Palmeri , Italy<\/h3>\n<h3><\/h3>\n<h3><\/h3>\n<h3>9. The Best Actor<\/h3>\n<h3>VICENZO NAMOLATO<\/h3>\n<h3>in DELAY, Italy<\/h3>\n<h3><\/h3>\n<h3><\/h3>\n<h3>10. The Best Cinematographer<\/h3>\n<h3>ROBERTO GALANTE<\/h3>\n<h3>La Lixeira \/ France<\/h3>\n<h3>11.\u00a0 AUDIENCE PRIZE<\/h3>\n<h3>CATFIGHT<\/h3>\n<h3>directed by Varga Gabriel , Hungary<\/h3>\n","protected":false},"excerpt":{"rendered":"<p>Protocol of Awarded Films 2024 1. GRAND PRIX\u00a0 for the Best Film THE BALLAD directed by Christofer Nilsson, France 2. The Best Young Author\u2018s film PURGATORY directed by Luk\u00e1\u0161 V\u00edzner, Slovakia 3. The Best Documentary under 55 min. The Eternal Emperor \u2013 The True Story of Franz Joseph I directed by Martin Koddenberg, Germany 4.&hellip;<\/p>\n<p class=\"more-link\"><a href=\"https:\/\/festival.sk\/sk\/registered-films-a\/\" class=\"themebutton\">Read More<\/a><\/p>\n","protected":false},"author":1,"featured_media":0,"parent":0,"menu_order":0,"comment_status":"closed","ping_status":"closed","template":"","meta":{"footnotes":""},"class_list":["post-3207","page","type-page","status-publish","hentry"],"_links":{"self":[{"href":"https:\/\/festival.sk\/sk\/wp-json\/wp\/v2\/pages\/3207","targetHints":{"allow":["GET"]}}],"collection":[{"href":"https:\/\/festival.sk\/sk\/wp-json\/wp\/v2\/pages"}],"about":[{"href":"https:\/\/festival.sk\/sk\/wp-json\/wp\/v2\/types\/page"}],"author":[{"embeddable":true,"href":"https:\/\/festival.sk\/sk\/wp-json\/wp\/v2\/users\/1"}],"replies":[{"embeddable":true,"href":"https:\/\/festival.sk\/sk\/wp-json\/wp\/v2\/comments?post=3207"}],"version-history":[{"count":33,"href":"https:\/\/festival.sk\/sk\/wp-json\/wp\/v2\/pages\/3207\/revisions"}],"predecessor-version":[{"id":8949,"href":"https:\/\/festival.sk\/sk\/wp-json\/wp\/v2\/pages\/3207\/revisions\/8949"}],"wp:attachment":[{"href":"https:\/\/festival.sk\/sk\/wp-json\/wp\/v2\/media?parent=3207"}],"curies":[{"name":"wp","href":"https:\/\/api.w.org\/{rel}","templated":true}]}}